{"id":25313,"date":"2023-04-21T21:30:05","date_gmt":"2023-04-21T19:30:05","guid":{"rendered":"https:\/\/hbcorsica.rskcom.net\/contact-belvedere-porto-vecchio\/"},"modified":"2024-11-29T17:47:14","modified_gmt":"2024-11-29T16:47:14","slug":"contact-belvedere-porto-vecchio","status":"publish","type":"page","link":"https:\/\/www.hbcorsica.com\/en\/contact-belvedere-porto-vecchio\/","title":{"rendered":"Contact Belv\u00e9d\u00e8re Porto-Vecchio"},"content":{"rendered":"<div class=\"wpb-content-wrapper\"><p>[vc_row css=&#8221;.vc_custom_1679071832036{margin-bottom: 0px !important;}&#8221;][vc_column]<div id=\"fullwidth-block-69f5512a9d16f\" class=\"fullwidth-block clearfix\"  style=\"background-color: #101220;\"><script type=\"text\/javascript\">if (typeof(gem_fix_fullwidth_position) == \"function\") { gem_fix_fullwidth_position(document.getElementById(\"fullwidth-block-69f5512a9d16f\")); }<\/script><div class=\"fullwidth-block-inner\"><div class=\"container\">[vc_empty_space height=&#8221;52px&#8221;][vc_column_text]<\/p>\n<h2 class=\"antro\" style=\"text-align: center;\">Le Belv\u00e9d\u00e8re enjoys an ideal location in the heart of the Gulf of Porto-Vecchio<\/h2>\n<p>[\/vc_column_text][vc_empty_space height=&#8221;36px&#8221;]<\/div><\/div><\/div>[\/vc_column][\/vc_row][vc_row][vc_column][vc_empty_space][\/vc_column][\/vc_row][vc_row][vc_column width=&#8221;1\/2&#8243;][vc_single_image image=&#8221;25147&#8243; img_size=&#8221;full&#8221; alignment=&#8221;center&#8221;][vc_column_text]<\/p>\n<p style=\"text-align: center;\">Palombaggia road &#8211; B.P. 56<br \/>\n20137, Porto Vecchio<\/p>\n<p style=\"text-align: center;\">Email : info@hbcorsica.com<br \/>\nT\u00e9l\u00e9phone : +33 (0)4 95 70 54 13<\/p>\n<p>[\/vc_column_text]<div class=\"socials socials-list socials-colored-hover socials-default socials-alignment-center\"><a class=\"socials-item\" target=\"_blank\" href=\"https:\/\/www.facebook.com\/profile.php?id=100063764073232\" style=\"color: #bd9e56;\" aria-label=\"facebook\"><i class=\"socials-item-icon facebook\" style=\"font-size: 22px\"><\/i><\/a><a class=\"socials-item\" target=\"_blank\" href=\"https:\/\/www.instagram.com\/p\/CRJ6msUrB_j\/?hl=fr\" style=\"color: #bd9e56;\" aria-label=\"instagram\"><i class=\"socials-item-icon instagram\" style=\"font-size: 22px\"><\/i><\/a><\/div>[\/vc_column][vc_column width=&#8221;1\/2&#8243;]\n<div class=\"wpcf7 no-js\" id=\"wpcf7-f25459-o1\" lang=\"en-US\" dir=\"ltr\" data-wpcf7-id=\"25459\">\n<div class=\"screen-reader-response\"><p role=\"status\" aria-live=\"polite\" aria-atomic=\"true\"><\/p> <ul><\/ul><\/div>\n<form action=\"\/en\/wp-json\/wp\/v2\/pages\/25313#wpcf7-f25459-o1\" method=\"post\" class=\"wpcf7-form init gem-contact-form-white gem-contact-form-simple-line\" aria-label=\"Contact form\" novalidate=\"novalidate\" data-status=\"init\">\n<fieldset class=\"hidden-fields-container\"><input type=\"hidden\" name=\"_wpcf7\" value=\"25459\" \/><input type=\"hidden\" name=\"_wpcf7_version\" value=\"6.1.5\" \/><input type=\"hidden\" name=\"_wpcf7_locale\" value=\"en_US\" \/><input type=\"hidden\" name=\"_wpcf7_unit_tag\" value=\"wpcf7-f25459-o1\" \/><input type=\"hidden\" name=\"_wpcf7_container_post\" value=\"0\" \/><input type=\"hidden\" name=\"_wpcf7_posted_data_hash\" value=\"\" \/><input type=\"hidden\" name=\"_wpcf7_recaptcha_response\" value=\"\" \/>\n<\/fieldset>\n<div class=\"contact-form\">\n\t<div class=\"col-lg-12 col-md-12 col-xs-12\" style=\"margin-bottom:20px;\">\n\t\t<div class=\"form-line\"><span class=\"wpcf7-form-control-wrap\" data-name=\"titre\"><select class=\"wpcf7-form-control wpcf7-select wpcf7-validates-as-required\" aria-required=\"true\" aria-invalid=\"false\" name=\"titre\"><option value=\"\">Titre*<\/option><option value=\"Madame\">Madame<\/option><option value=\"Mademoiselle\">Mademoiselle<\/option><option value=\"Monsieur\">Monsieur<\/option><\/select><\/span><\/div>\n\t<\/div>\n\t<div class=\"col-lg-12 col-md-12 col-xs-12\" style=\"margin-bottom:20px;\">\n\t\t<div class=\"form-line\"><span class=\"wpcf7-form-control-wrap\" data-name=\"prenom\"><input size=\"40\" maxlength=\"400\" class=\"wpcf7-form-control wpcf7-text wpcf7-validates-as-required\" aria-required=\"true\" aria-invalid=\"false\" placeholder=\"Pr\u00e9nom *\" value=\"\" type=\"text\" name=\"prenom\" \/><\/span><\/div>\n\t<\/div>\n\t<div class=\"col-lg-12 col-md-12 col-xs-12\" style=\"margin-bottom:20px;\">\n\t\t<div class=\"form-line\"><span class=\"wpcf7-form-control-wrap\" data-name=\"nom\"><input size=\"40\" maxlength=\"400\" class=\"wpcf7-form-control wpcf7-text wpcf7-validates-as-required\" aria-required=\"true\" aria-invalid=\"false\" placeholder=\"Nom *\" value=\"\" type=\"text\" name=\"nom\" \/><\/span><\/div>\n\t<\/div>\n\t<div class=\"col-lg-12 col-md-12 col-xs-12\" style=\"margin-bottom:20px;\">\n\t\t<div class=\"form-line\"><span class=\"wpcf7-form-control-wrap\" data-name=\"societe\"><input size=\"40\" maxlength=\"400\" class=\"wpcf7-form-control wpcf7-text\" aria-invalid=\"false\" placeholder=\"Societ\u00e9\" value=\"\" type=\"text\" name=\"societe\" \/><\/span><\/div>\n\t<\/div>\n\t<div class=\"col-lg-12 col-md-12 col-xs-12\" style=\"margin-bottom:20px;\">\n\t\t<div class=\"form-line\"><span class=\"wpcf7-form-control-wrap\" data-name=\"tel\"><input size=\"40\" maxlength=\"400\" class=\"wpcf7-form-control wpcf7-tel wpcf7-text wpcf7-validates-as-tel\" aria-invalid=\"false\" placeholder=\"T\u00e9l\u00e9phone*\" value=\"\" type=\"tel\" name=\"tel\" \/><\/span><\/div>\n\t<\/div>\n\t<div class=\"col-lg-12 col-md-12 col-xs-12\" style=\"margin-bottom:20px;\">\n\t\t<div class=\"form-line\"><span class=\"wpcf7-form-control-wrap\" data-name=\"email\"><input size=\"40\" maxlength=\"400\" class=\"wpcf7-form-control wpcf7-email wpcf7-validates-as-required wpcf7-text wpcf7-validates-as-email\" aria-required=\"true\" aria-invalid=\"false\" placeholder=\"Adresse mail *\" value=\"\" type=\"email\" name=\"email\" \/><\/span><\/div>\n\t<\/div>\n\t<div class=\"col-lg-12 col-md-12 col-xs-12\" style=\"margin-bottom:20px;\">\n<label class=\"or\">Date d\u2019arriv\u00e9e<\/label>\n\t\t<div class=\"form-line\"><span class=\"wpcf7-form-control-wrap\" data-name=\"date\"><input class=\"wpcf7-form-control wpcf7-date wpcf7-validates-as-date\" aria-invalid=\"false\" placeholder=\"Date d\u2019arriv\u00e9e\" value=\"\" type=\"date\" name=\"date\" \/><\/span><\/div>\n\t<\/div>\n<div class=\"col-lg-12 col-md-12 col-xs-12\" style=\"margin-bottom:20px;\">\n<label class=\"or\">Date de d\u00e9part<\/label>\n\t\t<div class=\"form-line\"><span class=\"wpcf7-form-control-wrap\" data-name=\"dateb\"><input class=\"wpcf7-form-control wpcf7-date wpcf7-validates-as-date\" aria-invalid=\"false\" placeholder=\"Date de d\u00e9part\" value=\"\" type=\"date\" name=\"dateb\" \/><\/span><\/div>\n\t<\/div>\n\t<div class=\"col-lg-12 col-md-12 col-xs-12\" style=\"margin-bottom:20px;\">\n\t\t<div class=\"form-line\"><span class=\"wpcf7-form-control-wrap\" data-name=\"your-message\"><textarea cols=\"30\" rows=\"6\" maxlength=\"2000\" class=\"wpcf7-form-control wpcf7-textarea wpcf7-validates-as-required\" aria-required=\"true\" aria-invalid=\"false\" placeholder=\"Message\" name=\"your-message\"><\/textarea><\/span><\/div>\n\t<\/div>\n\t<div class=\"col-lg-12 col-md-12 col-xs-12\" style=\"margin-bottom:20px;\">\n\t\t<div class=\"form-line\"><span class=\"wpcf7-form-control-wrap\" data-name=\"acceptance-110\"><span class=\"wpcf7-form-control wpcf7-acceptance\"><span class=\"wpcf7-list-item\"><label><input type=\"checkbox\" name=\"acceptance-110\" value=\"1\" aria-invalid=\"false\" \/><span class=\"wpcf7-list-item-label\">J'accepte que les donn\u00e9es saisies soient enregistr\u00e9es et envoy\u00e9es *<\/span><\/label><\/span><\/span><\/span><\/div>\n\t<\/div>\n<div class=\"col-lg-12 col-md-12 col-xs-12\" style=\"margin-bottom:20px;\">\n\t\t<div class=\"form-line\"><p>Les informations port\u00e9es sur ce formulaire vous concernant sont \u00e0 l\u2019usage de notre \u00e9tablissement et de nos prestataires techniques afin de traiter votre demande. Vous acceptez notre politique de confidentialit\u00e9 des donn\u00e9es personnelles. Conform\u00e9ment \u00e0 la Loi n\u00b078-17 du 6 janvier 1978 modifi\u00e9e, et au r\u00e8glement g\u00e9n\u00e9ral sur la protection des donn\u00e9es, vous disposez d\u2019un droit d\u2019acc\u00e8s, de rectification, d\u2019effacement, d'opposition et de limitation du traitement relatif aux donn\u00e9es personnelles qui vous concernent, ainsi que du droit \u00e0 la portabilit\u00e9 des donn\u00e9es et de d\u00e9finition de vos directives relatives \u00e0 la gestion de vos donn\u00e9es apr\u00e8s votre d\u00e9c\u00e8s. Vous pouvez exercer ces droits par email \u00e0 l'adresse <a href=mailto:info@hbcorsica.com\">info@hbcorsica.com.<\/a> Pour en savoir plus, consultez les mentions l\u00e9gales.<\/p><\/div>\n\t<\/div>\n<div class=\"col-lg-12 col-md-12 col-xs-12\" style=\"margin-bottom:20px;\">\n\t\t<div class=\"form-line\"><p>Ce site est prot\u00e9g\u00e9 par reCAPTCHA. Les <a target=\"_blank\" href=\"https:\/\/policies.google.com\/privacy\">r\u00e8gles de confidentialit\u00e9<\/a> et les <a target=\"_blank\" href=\"https:\/\/policies.google.com\/terms\">conditions d'utilisation<\/a> de Google s'appliquent.<\/p><\/div>\n\t<\/div>\n\n\n\t<div class=\"col-lg-12 col-md-12 col-xs-12\" style=\"display: flex; justify-content: center;\">\n\t\t<div class=\"form-line\"><style type=\"text\/css\">.thegem-button-69f5512a9e8b23096 .gem-button svg {fill: #FFFFFFFF;}.thegem-button-69f5512a9e8b23096 .gem-button:hover svg {fill: #BD9E56FF;}<\/style><div class=\"gem-button-container gem-button-position-fullwidth thegem-button-69f5512a9e8b23096\"  ><input class=\"gem-button gem-button-size-medium gem-button-style-flat gem-button-text-weight-normal wpcf7-form-control wpcf7-submit has-spinner gem-button-wpcf-custom\" data-ll-effect=\"drop-right-without-wrap\" style=\"border-radius: 0px;background-color: #BD9E56FF;color: #FFFFFFFF;\" onmouseleave=\"this.style.backgroundColor='#BD9E56FF';this.style.color='#FFFFFFFF';\" onmouseenter=\"this.style.borderColor='#BD9E56FF';this.style.backgroundColor='#FFFFFFFF';this.style.color='#BD9E56FF';\" id=\"\" tabindex=\"\" type=\"submit\" value=\"ENVOYER MA DEMANDE\" \/><\/div> <\/div>\n\t<\/div>\n\n\n<\/div><input type='hidden' class='wpcf7-pum' value='{\"closepopup\":false,\"closedelay\":0,\"openpopup\":false,\"openpopup_id\":0}' \/><div class=\"wpcf7-response-output\" aria-hidden=\"true\"><\/div>\n<\/form>\n<\/div>\n[\/vc_column][\/vc_row][vc_row][vc_column]<div id=\"fullwidth-block-69f5512a9e9aa\" class=\"fullwidth-block clearfix\"  style=\"\"><script type=\"text\/javascript\">if (typeof(gem_fix_fullwidth_position) == \"function\") { gem_fix_fullwidth_position(document.getElementById(\"fullwidth-block-69f5512a9e9aa\")); }<\/script><div class=\"fullwidth-block-inner\"><div class=\"gem-map-with-text\"><div class=\"gem-map-with-text-content\" style=\"background-color: #ffffff;\"><\/div><div class=\"gem-map-with-text-map grayscale\">[vc_gmaps link=\"#E-8_JTNDaWZyYW1lJTIwc3JjJTNEJTIyaHR0cHMlM0ElMkYlMkZ3d3cuZ29vZ2xlLmNvbSUyRm1hcHMlMkZlbWJlZCUzRnBiJTNEJTIxMW0xNCUyMTFtOCUyMTFtMyUyMTFkMTE5MzYuODQ1MzYxMTc0Mjg4JTIxMmQ5LjMwMDE3NTElMjEzZDQxLjU4NjMxMDUlMjEzbTIlMjExaTEwMjQlMjEyaTc2OCUyMTRmMTMuMSUyMTNtMyUyMTFtMiUyMTFzMHgxMmQ5ODNjYTZlMjVhOTZmJTI1M0EweGI0MDk2OTZlYzQwOWVjNjYlMjEyelNNTzBkR1ZzSUVKbGJIYkRxV1REcUhKbCUyMTVlMCUyMTNtMiUyMTFzZnIlMjEyc2ZyJTIxNHYxNjgyMDg3MTIxMDExJTIxNW0yJTIxMXNmciUyMTJzZnIlMjIlMjB3aWR0aCUzRCUyMjYwMCUyMiUyMGhlaWdodCUzRCUyMjQ1MCUyMiUyMHN0eWxlJTNEJTIyYm9yZGVyJTNBMCUzQiUyMiUyMGFsbG93ZnVsbHNjcmVlbiUzRCUyMiUyMiUyMGxvYWRpbmclM0QlMjJsYXp5JTIyJTIwcmVmZXJyZXJwb2xpY3klM0QlMjJuby1yZWZlcnJlci13aGVuLWRvd25ncmFkZSUyMiUzRSUzQyUyRmlmcmFtZSUzRQ==\" size=\"446\" disable_scroll=\"\"]<\/div><\/div><\/div><\/div>[\/vc_column][\/vc_row][vc_row disable_element=&#8221;yes&#8221;][vc_column]<div id=\"fullwidth-block-69f5512a9eaae\" class=\"fullwidth-block clearfix\"  style=\"\"><script type=\"text\/javascript\">if (typeof(gem_fix_fullwidth_position) == \"function\") { gem_fix_fullwidth_position(document.getElementById(\"fullwidth-block-69f5512a9eaae\")); }<\/script><div class=\"fullwidth-block-inner\">[vc_gmaps link=&#8221;#E-8_JTNDaWZyYW1lJTIwc3JjJTNEJTIyaHR0cHMlM0ElMkYlMkZ3d3cuZ29vZ2xlLmNvbSUyRm1hcHMlMkZlbWJlZCUzRnBiJTNEJTIxMW0xNCUyMTFtOCUyMTFtMyUyMTFkMTE5MzYuODQ1MzYxMTc0Mjg4JTIxMmQ5LjMwMDE3NTElMjEzZDQxLjU4NjMxMDUlMjEzbTIlMjExaTEwMjQlMjEyaTc2OCUyMTRmMTMuMSUyMTNtMyUyMTFtMiUyMTFzMHgxMmQ5ODNjYTZlMjVhOTZmJTI1M0EweGI0MDk2OTZlYzQwOWVjNjYlMjEyelNNTzBkR1ZzSUVKbGJIYkRxV1REcUhKbCUyMTVlMCUyMTNtMiUyMTFzZnIlMjEyc2ZyJTIxNHYxNjgyMDg3MTIxMDExJTIxNW0yJTIxMXNmciUyMTJzZnIlMjIlMjB3aWR0aCUzRCUyMjYwMCUyMiUyMGhlaWdodCUzRCUyMjQ1MCUyMiUyMHN0eWxlJTNEJTIyYm9yZGVyJTNBMCUzQiUyMiUyMGFsbG93ZnVsbHNjcmVlbiUzRCUyMiUyMiUyMGxvYWRpbmclM0QlMjJsYXp5JTIyJTIwcmVmZXJyZXJwb2xpY3klM0QlMjJuby1yZWZlcnJlci13aGVuLWRvd25ncmFkZSUyMiUzRSUzQyUyRmlmcmFtZSUzRQ==&#8221; hide_title=&#8221;1&#8243;]<\/div><\/div>[\/vc_column][\/vc_row][vc_row][vc_column]<div id=\"fullwidth-block-69f5512a9eb0a\" class=\"fullwidth-block clearfix\"  style=\"background-color: #101220;\"><script type=\"text\/javascript\">if (typeof(gem_fix_fullwidth_position) == \"function\") { gem_fix_fullwidth_position(document.getElementById(\"fullwidth-block-69f5512a9eb0a\")); }<\/script><div class=\"fullwidth-block-inner\"><div class=\"container\">[vc_empty_space height=&#8221;48px&#8221;]<style>.thegem-custom-69f5512a9ebcc2857 .gem-icon  {font-size: 48px;}.thegem-custom-69f5512a9ebcc2857 .gem-icon:not(.gem-simple-icon) .gem-icon-inner {width: 72px; height: 72px; line-height: 72px;}.thegem-custom-69f5512a9ebcc2857 .gem-icon.gem-simple-icon {width: 48px; height: 48px; line-height: 48px;}.gem-infotext.thegem-custom-69f5512a9ebcc2857 .gem-infotext-icon {margin-top:-2px !important;}.gem-infotext.thegem-custom-69f5512a9ebcc2857 .gem-infotext-icon {margin-bottom:10px !important;}.gem-infotext.thegem-custom-69f5512a9ebcc2857 .gem-infotext-icon {margin-right:0px !important;}.gem-infotext.thegem-custom-69f5512a9ebcc2857 .title-customize {color:#ffffff !important;}.gem-infotext.thegem-custom-69f5512a9ebcc2857 a:hover .gem-infotext .title-customize {color:#bd9e56 !important;}.gem-infotext.thegem-custom-69f5512a9ebcc2857 .title-customize {font-size:36px !important;}.gem-infotext.thegem-custom-69f5512a9ebcc2857 .title-customize {line-height:36px !important;}.gem-infotext.thegem-custom-69f5512a9ebcc2857 .title-customize {letter-spacing:px !important;}.gem-infotext.thegem-custom-69f5512a9ebcc2857 .title-customize {text-transform:none !important;}.gem-infotext.thegem-custom-69f5512a9ebcc2857 .title-customize {font-family:Cormorant Garamond; font-weight:400; font-style:normal; }<\/style><div class=\"gem-infotext alignment-center thegem-custom-69f5512a9ebcc2857\"> <div class=\"gem-infotext-wrap position--top horizonal--center \"> <div class=\"gem-infotext-icon\"> <div class=\"gem-icon gem-simple-icon gem-icon-use-image gem-icon-size-custom\"> <div class=\"gem-icon-inner\"><span class=\"gem-icon-half-1\"><span class=\"back-angle\"><img class=\"img-responsive\" src=\"https:\/\/www.hbcorsica.com\/wp-content\/uploads\/2023\/03\/icon_header.png\" alt=\"\"><\/span><\/span><span class=\"gem-icon-half-2\"><span class=\"back-angle\"><img class=\"img-responsive\" src=\"https:\/\/www.hbcorsica.com\/wp-content\/uploads\/2023\/03\/icon_header.png\" alt=\"\"><\/span><\/span><\/div> <\/div> <\/div> <div class=\"gem-infotext\"> <div class=\"gem-infotext__title\"> <div class=\"title-customize title-h2\" style=\"text-align:center;\"> Informations &amp; Services <\/div> <\/div> <\/div> <\/div> <\/div>[vc_empty_space height=&#8221;24px&#8221;]<div class=\"clearboth\"><\/div><div id=\"thegem-divider-69f5512a9f195\" class=\"gem-divider  center\" style=\"width: 20%;border-color: #bd9e56;\" ><\/div>[vc_empty_space height=&#8221;24px&#8221;][vc_column_text]<\/p>\n<p style=\"text-align: center;\"><span style=\"color: #ffffff;\">Contact our hostess for more information on: +33 4 95 00 00 00<\/span><br \/>\n<span style=\"color: #ffffff;\">or by e-mail at <a style=\"color: #ffffff;\" href=\"mailto:%20reservation@hbcorsica.com\">reservation@hbcorsica.com<\/a><\/span><\/p>\n<p>[\/vc_column_text][vc_empty_space height=&#8221;48px&#8221;]<\/div><\/div><\/div>[\/vc_column][\/vc_row]<\/p>\n<\/div>","protected":false},"excerpt":{"rendered":"<p>[vc_row css=&#8221;.vc_custom_1679071832036{margin-bottom: 0px !important;}&#8221;][vc_column][\/vc_column][\/vc_row][vc_row][vc_column][vc_empty_space][\/vc_column][\/vc_row][vc_row][vc_column width=&#8221;1\/2&#8243;][vc_single_image image=&#8221;25147&#8243; img_size=&#8221;full&#8221; alignment=&#8221;center&#8221;][vc_column_text] Palombaggia road &#8211; B.P. 56 20137, Porto Vecchio Email : info@hbcorsica.com T\u00e9l\u00e9phone&#8230;<\/p>\n","protected":false},"author":1,"featured_media":0,"parent":0,"menu_order":0,"comment_status":"closed","ping_status":"closed","template":"","meta":{"om_disable_all_campaigns":false,"_monsterinsights_skip_tracking":false,"_monsterinsights_sitenote_active":false,"_monsterinsights_sitenote_note":"","_monsterinsights_sitenote_category":0,"footnotes":""},"class_list":["post-25313","page","type-page","status-publish"],"aioseo_notices":[],"_links":{"self":[{"href":"https:\/\/www.hbcorsica.com\/en\/wp-json\/wp\/v2\/pages\/25313","targetHints":{"allow":["GET"]}}],"collection":[{"href":"https:\/\/www.hbcorsica.com\/en\/wp-json\/wp\/v2\/pages"}],"about":[{"href":"https:\/\/www.hbcorsica.com\/en\/wp-json\/wp\/v2\/types\/page"}],"author":[{"embeddable":true,"href":"https:\/\/www.hbcorsica.com\/en\/wp-json\/wp\/v2\/users\/1"}],"replies":[{"embeddable":true,"href":"https:\/\/www.hbcorsica.com\/en\/wp-json\/wp\/v2\/comments?post=25313"}],"version-history":[{"count":5,"href":"https:\/\/www.hbcorsica.com\/en\/wp-json\/wp\/v2\/pages\/25313\/revisions"}],"predecessor-version":[{"id":25798,"href":"https:\/\/www.hbcorsica.com\/en\/wp-json\/wp\/v2\/pages\/25313\/revisions\/25798"}],"wp:attachment":[{"href":"https:\/\/www.hbcorsica.com\/en\/wp-json\/wp\/v2\/media?parent=25313"}],"curies":[{"name":"wp","href":"https:\/\/api.w.org\/{rel}","templated":true}]}}