{"id":25351,"date":"2023-03-15T23:36:19","date_gmt":"2023-03-15T22:36:19","guid":{"rendered":"https:\/\/hbcorsica.rskcom.net\/nos-suites\/"},"modified":"2023-12-20T19:04:21","modified_gmt":"2023-12-20T18:04:21","slug":"nos-suites","status":"publish","type":"page","link":"https:\/\/www.hbcorsica.com\/en\/nos-suites\/","title":{"rendered":"Our Suites"},"content":{"rendered":"<div class=\"wpb-content-wrapper\"><p>[vc_row css=&#8221;.vc_custom_1678975602124{margin-bottom: 0px !important;}&#8221;][vc_column]<div id=\"fullwidth-block-69fb43882c45d\" class=\"fullwidth-block clearfix\"  style=\"background-color: #101220;\"><script type=\"text\/javascript\">if (typeof(gem_fix_fullwidth_position) == \"function\") { gem_fix_fullwidth_position(document.getElementById(\"fullwidth-block-69fb43882c45d\")); }<\/script><div class=\"fullwidth-block-inner\"><div class=\"container\">[vc_empty_space height=&#8221;64px&#8221;][vc_row_inner][vc_column_inner width=&#8221;1\/4&#8243;][vc_gallery interval=&#8221;0&#8243; images=&#8221;25156,25545,25543,25541&#8243; img_size=&#8221;medium&#8221;][\/vc_column_inner][vc_column_inner width=&#8221;3\/4&#8243;][vc_empty_space height=&#8221;12px&#8221;][vc_column_text]<\/p>\n<h4><span style=\"color: #d4bc7c;\">The Corsican Suite<\/span><\/h4>\n<p>[\/vc_column_text][vc_column_text]<span style=\"color: #ffffff;\">45 m2 | 1 to 4 people | Prices : From 200\u20ac to 575\u20ac<\/span>[\/vc_column_text][vc_empty_space height=&#8221;8px&#8221;]<div class=\"clearboth\"><\/div><div id=\"thegem-divider-69fb43882c558\" class=\"gem-divider  \" style=\"width: 40%;border-color: #ffffff;\" ><\/div>[vc_empty_space height=&#8221;8px&#8221;][vc_column_text]<\/p>\n<h3><span style=\"color: #bd9e56; font-size: 20px; font-style: italic;\">Stone, wood, wrought iron, in the tradition of our Corsican houses, with living room and separate bedroom<\/span><\/h3>\n<p>[\/vc_column_text][vc_column_text]<span style=\"color: #ffffff;\">45 m2, 1 to 4 people The stone, the wood, the wrought iron, in the tradition of our Corsican houses, with living room and independent room The bathroom is equipped with a corner bath and toilet. It has a private terrace and a view of the garden.<\/span>[\/vc_column_text][\/vc_column_inner][\/vc_row_inner][vc_row_inner][vc_column_inner width=&#8221;1\/4&#8243;][vc_gallery interval=&#8221;0&#8243; images=&#8221;25159,25547,25549,25551&#8243; img_size=&#8221;medium&#8221;][\/vc_column_inner][vc_column_inner width=&#8221;3\/4&#8243;][vc_empty_space height=&#8221;12px&#8221;][vc_column_text]<\/p>\n<h4><span style=\"color: #d4bc7c;\">The Escapade Suite<\/span><\/h4>\n<p>[\/vc_column_text][vc_column_text]<span style=\"color: #ffffff;\">45 m2 with private heated outdoor Jacuzzi | 1 to 3 people | Prices : From 245\u20ac to 705\u20ac<\/span>[\/vc_column_text][vc_empty_space height=&#8221;8px&#8221;]<div class=\"clearboth\"><\/div><div id=\"thegem-divider-69fb43882c5b5\" class=\"gem-divider  \" style=\"width: 40%;border-color: #ffffff;\" ><\/div>[vc_empty_space height=&#8221;8px&#8221;][vc_column_text]<\/p>\n<h3><span style=\"color: #bd9e56; font-size: 20px; font-style: italic;\">Stone, wood, wrought iron, in the tradition of our Corsican houses, with living room and separate bedroom<\/span><\/h3>\n<p>[\/vc_column_text][vc_column_text]<span style=\"color: #ffffff;\">decorated in shades of beige and pastels, with curtains. It consists of a bedroom with a king size bed or two single beds (according to your request) separated from the living room by a door. The bathroom is equipped with a bath and a shower, the toilets are separated. It has views of the garden and a private terrace with private heated outdoor Jacuzzi.<\/span>[\/vc_column_text][\/vc_column_inner][\/vc_row_inner][vc_row_inner][vc_column_inner width=&#8221;1\/4&#8243;][vc_gallery interval=&#8221;0&#8243; images=&#8221;25157,25561,25559,25557,25555&#8243; img_size=&#8221;medium&#8221;][\/vc_column_inner][vc_column_inner width=&#8221;3\/4&#8243;][vc_empty_space height=&#8221;12px&#8221;][vc_column_text]<\/p>\n<h4><span style=\"color: #d4bc7c;\">The Adriana Suite<\/span><\/h4>\n<p>[\/vc_column_text][vc_column_text]<span style=\"color: #ffffff;\">45 m2 private outdoor Jacuzzi | 1 to 4 people | Prices : From 270\u20ac to 780\u20ac<\/span>[\/vc_column_text][vc_empty_space height=&#8221;8px&#8221;]<div class=\"clearboth\"><\/div><div id=\"thegem-divider-69fb43882c5f1\" class=\"gem-divider  \" style=\"width: 40%;border-color: #ffffff;\" ><\/div>[vc_empty_space height=&#8221;8px&#8221;][vc_column_text]<\/p>\n<h3><span style=\"color: #bd9e56; font-size: 20px; font-style: italic;\">Stone, wood, wrought iron, in the tradition of our Corsican houses, with living room and separate bedroom<\/span><\/h3>\n<p>[\/vc_column_text][vc_column_text]<span style=\"color: #ffffff;\">The marble, noble and natural material characterizes this suite of 45m2. It consists of a bedroom with a king size bed or two single beds (according to your request) separated from the living room by a door. The bathroom is equipped with a corner bath. Located on one level, overlooking the garden and a private terrace with private outdoor Jacuzzi and heated. <\/span>[\/vc_column_text][\/vc_column_inner][\/vc_row_inner][vc_row_inner][vc_column_inner width=&#8221;1\/4&#8243;][vc_gallery interval=&#8221;3&#8243; images=&#8221;25158,25156,25217,25543,25541&#8243; img_size=&#8221;medium&#8221;][\/vc_column_inner][vc_column_inner width=&#8221;3\/4&#8243;][vc_empty_space height=&#8221;12px&#8221;][vc_column_text]<\/p>\n<h4><span style=\"color: #d4bc7c;\">The Corsica Apartment<\/span><\/h4>\n<p>[\/vc_column_text][vc_column_text]<span style=\"color: #ffffff;\">75 m2 | 1 to 4 peoples | Prices : From 340\u20ac to 965\u20ac<\/span>[\/vc_column_text][vc_empty_space height=&#8221;8px&#8221;]<div class=\"clearboth\"><\/div><div id=\"thegem-divider-69fb43882c62b\" class=\"gem-divider  \" style=\"width: 40%;border-color: #ffffff;\" ><\/div>[vc_empty_space height=&#8221;8px&#8221;][vc_column_text]<\/p>\n<h3><span style=\"color: #bd9e56; font-size: 20px; font-style: italic;\">Stone, wood, wrought iron, in the tradition of our Corsican houses<\/span><\/h3>\n<p>[\/vc_column_text][vc_column_text]<span style=\"color: #ffffff;\">72m2 corresponding to a communicating Corsica suite with a Corsica bedroom.. They are decorated in a pleasant style with whitewashed arches, exposed stones, red floor tiles and headboards, in the tradition of our Corsican houses. They are located on the ground floor with private terraces and garden views. <\/span>[\/vc_column_text][\/vc_column_inner][\/vc_row_inner]<style type=\"text\/css\">.thegem-button-69fb43882c74d8424 .gem-button {padding-left: 40px;padding-right: 40px;}.thegem-button-69fb43882c74d8424 .gem-button svg {fill: #bd9e56;}.thegem-button-69fb43882c74d8424 .gem-button:hover svg {fill: #ffffff;}<\/style><div class=\"gem-button-container gem-button-position-center thegem-button-69fb43882c74d8424    \"  ><a class=\"gem-button gem-button-size-small gem-button-style-outline gem-button-text-weight-thin gem-button-border-1\" data-ll-effect=\"drop-right-without-wrap\" style=\"border-radius: 0px;border-color: #bd9e56;color: #bd9e56;\" onmouseleave=\"this.style.borderColor='#bd9e56';this.style.backgroundColor='transparent';this.style.color='#bd9e56';\" onmouseenter=\"this.style.borderColor='#ffffff';this.style.backgroundColor='rgba(0,0,0,0.01)';this.style.color='#ffffff';\" href=\"https:\/\/www.secure-hotel-booking.com\/smart\/Le-Belvedere\/2FXU\/en-US\/\" target=\"_blank\">BOOK<\/a><\/div> <\/div><\/div><\/div>[\/vc_column][\/vc_row][vc_row][vc_column]<div id=\"fullwidth-block-69fb43882c831\" class=\"fullwidth-block clearfix\"  style=\"background-color: #d4bc7c;\"><script type=\"text\/javascript\">if (typeof(gem_fix_fullwidth_position) == \"function\") { gem_fix_fullwidth_position(document.getElementById(\"fullwidth-block-69fb43882c831\")); }<\/script><div class=\"fullwidth-block-inner\"><div class=\"container\">[vc_empty_space][vc_column_text]<\/p>\n<h2 style=\"text-align: center;\"><span style=\"color: #353535;\">Suite Equipment<\/span><\/h2>\n<p>[\/vc_column_text][vc_empty_space][vc_row_inner][vc_column_inner width=&#8221;1\/6&#8243;]<style>.thegem-custom-69fb43882c9328613 .gem-icon  {font-size: 48px;}.thegem-custom-69fb43882c9328613 .gem-icon:not(.gem-simple-icon) .gem-icon-inner {width: 72px; height: 72px; line-height: 72px;}.thegem-custom-69fb43882c9328613 .gem-icon.gem-simple-icon {width: 48px; height: 48px; line-height: 48px;}.gem-infotext.thegem-custom-69fb43882c9328613 .gem-infotext-icon {margin-top:-2px !important;}.gem-infotext.thegem-custom-69fb43882c9328613 .gem-infotext-icon {margin-right:8px !important;}.gem-infotext.thegem-custom-69fb43882c9328613 .title-customize {color:#101220 !important;}.gem-infotext.thegem-custom-69fb43882c9328613 .title-customize {font-size:14px !important;}.gem-infotext.thegem-custom-69fb43882c9328613 .title-customize {letter-spacing:px !important;}.gem-infotext.thegem-custom-69fb43882c9328613 .title-customize {text-transform:none !important;}<\/style><div class=\"gem-infotext alignment-center thegem-custom-69fb43882c9328613\"> <div class=\"gem-infotext-wrap position--top horizonal--center \"> <div class=\"gem-infotext-icon\"> <div class=\"gem-icon gem-simple-icon gem-icon-use-image gem-icon-size-custom\"> <div class=\"gem-icon-inner\"><span class=\"gem-icon-half-1\"><span class=\"back-angle\"><img class=\"img-responsive\" src=\"https:\/\/www.hbcorsica.com\/wp-content\/uploads\/2023\/03\/climatisation.png\" alt=\"\"><\/span><\/span><span class=\"gem-icon-half-2\"><span class=\"back-angle\"><img class=\"img-responsive\" src=\"https:\/\/www.hbcorsica.com\/wp-content\/uploads\/2023\/03\/climatisation.png\" alt=\"\"><\/span><\/span><\/div> <\/div> <\/div> <div class=\"gem-infotext\"> <div class=\"gem-infotext__title\"> <div class=\"title-customize title-default\" style=\"text-align:center;\"> Air Conditioning <\/div> <\/div> <\/div> <\/div> <\/div>[\/vc_column_inner][vc_column_inner width=&#8221;1\/6&#8243;]<style>.thegem-custom-69fb43882cd7d6813 .gem-icon  {font-size: 48px;}.thegem-custom-69fb43882cd7d6813 .gem-icon:not(.gem-simple-icon) .gem-icon-inner {width: 72px; height: 72px; line-height: 72px;}.thegem-custom-69fb43882cd7d6813 .gem-icon.gem-simple-icon {width: 48px; height: 48px; line-height: 48px;}.gem-infotext.thegem-custom-69fb43882cd7d6813 .gem-infotext-icon {margin-top:-2px !important;}.gem-infotext.thegem-custom-69fb43882cd7d6813 .gem-infotext-icon {margin-right:8px !important;}.gem-infotext.thegem-custom-69fb43882cd7d6813 .title-customize {color:#0a0a0a !important;}.gem-infotext.thegem-custom-69fb43882cd7d6813 .title-customize {font-size:14px !important;}.gem-infotext.thegem-custom-69fb43882cd7d6813 .title-customize {letter-spacing:px !important;}.gem-infotext.thegem-custom-69fb43882cd7d6813 .title-customize {text-transform:none !important;}<\/style><div class=\"gem-infotext alignment-center thegem-custom-69fb43882cd7d6813\"> <div class=\"gem-infotext-wrap position--top horizonal--center \"> <div class=\"gem-infotext-icon\"> <div class=\"gem-icon gem-simple-icon gem-icon-use-image gem-icon-size-custom\"> <div class=\"gem-icon-inner\"><span class=\"gem-icon-half-1\"><span class=\"back-angle\"><img class=\"img-responsive\" src=\"https:\/\/www.hbcorsica.com\/wp-content\/uploads\/2023\/03\/room_service.png\" alt=\"\"><\/span><\/span><span class=\"gem-icon-half-2\"><span class=\"back-angle\"><img class=\"img-responsive\" src=\"https:\/\/www.hbcorsica.com\/wp-content\/uploads\/2023\/03\/room_service.png\" alt=\"\"><\/span><\/span><\/div> <\/div> <\/div> <div class=\"gem-infotext\"> <div class=\"gem-infotext__title\"> <div class=\"title-customize title-default\" style=\"text-align:center;\"> Room Service <\/div> <\/div> <\/div> <\/div> <\/div>[\/vc_column_inner][vc_column_inner width=&#8221;1\/6&#8243;]<style>.thegem-custom-69fb43882d0954809 .gem-icon  {font-size: 48px;}.thegem-custom-69fb43882d0954809 .gem-icon:not(.gem-simple-icon) .gem-icon-inner {width: 72px; height: 72px; line-height: 72px;}.thegem-custom-69fb43882d0954809 .gem-icon.gem-simple-icon {width: 48px; height: 48px; line-height: 48px;}.gem-infotext.thegem-custom-69fb43882d0954809 .gem-infotext-icon {margin-top:-2px !important;}.gem-infotext.thegem-custom-69fb43882d0954809 .gem-infotext-icon {margin-right:8px !important;}.gem-infotext.thegem-custom-69fb43882d0954809 .title-customize {color:#0a0a0a !important;}.gem-infotext.thegem-custom-69fb43882d0954809 .title-customize {font-size:14px !important;}.gem-infotext.thegem-custom-69fb43882d0954809 .title-customize {letter-spacing:px !important;}.gem-infotext.thegem-custom-69fb43882d0954809 .title-customize {text-transform:none !important;}<\/style><div class=\"gem-infotext alignment-center thegem-custom-69fb43882d0954809\"> <div class=\"gem-infotext-wrap position--top horizonal--center \"> <div class=\"gem-infotext-icon\"> <div class=\"gem-icon gem-simple-icon gem-icon-use-image gem-icon-size-custom\"> <div class=\"gem-icon-inner\"><span class=\"gem-icon-half-1\"><span class=\"back-angle\"><img class=\"img-responsive\" src=\"https:\/\/www.hbcorsica.com\/wp-content\/uploads\/2023\/03\/minibar.png\" alt=\"\"><\/span><\/span><span class=\"gem-icon-half-2\"><span class=\"back-angle\"><img class=\"img-responsive\" src=\"https:\/\/www.hbcorsica.com\/wp-content\/uploads\/2023\/03\/minibar.png\" alt=\"\"><\/span><\/span><\/div> <\/div> <\/div> <div class=\"gem-infotext\"> <div class=\"gem-infotext__title\"> <div class=\"title-customize title-default\" style=\"text-align:center;\"> Mini-bar <\/div> <\/div> <\/div> <\/div> <\/div>[\/vc_column_inner][vc_column_inner width=&#8221;1\/6&#8243;]<style>.thegem-custom-69fb43882d3a82182 .gem-icon  {font-size: 48px;}.thegem-custom-69fb43882d3a82182 .gem-icon:not(.gem-simple-icon) .gem-icon-inner {width: 72px; height: 72px; line-height: 72px;}.thegem-custom-69fb43882d3a82182 .gem-icon.gem-simple-icon {width: 48px; height: 48px; line-height: 48px;}.gem-infotext.thegem-custom-69fb43882d3a82182 .gem-infotext-icon {margin-top:-2px !important;}.gem-infotext.thegem-custom-69fb43882d3a82182 .gem-infotext-icon {margin-right:8px !important;}.gem-infotext.thegem-custom-69fb43882d3a82182 .title-customize {color:#0a0a0a !important;}.gem-infotext.thegem-custom-69fb43882d3a82182 .title-customize {font-size:14px !important;}.gem-infotext.thegem-custom-69fb43882d3a82182 .title-customize {letter-spacing:px !important;}.gem-infotext.thegem-custom-69fb43882d3a82182 .title-customize {text-transform:none !important;}<\/style><div class=\"gem-infotext alignment-center thegem-custom-69fb43882d3a82182\"> <div class=\"gem-infotext-wrap position--top horizonal--center \"> <div class=\"gem-infotext-icon\"> <div class=\"gem-icon gem-simple-icon gem-icon-use-image gem-icon-size-custom\"> <div class=\"gem-icon-inner\"><span class=\"gem-icon-half-1\"><span class=\"back-angle\"><img class=\"img-responsive\" src=\"https:\/\/www.hbcorsica.com\/wp-content\/uploads\/2023\/03\/lit.png\" alt=\"\"><\/span><\/span><span class=\"gem-icon-half-2\"><span class=\"back-angle\"><img class=\"img-responsive\" src=\"https:\/\/www.hbcorsica.com\/wp-content\/uploads\/2023\/03\/lit.png\" alt=\"\"><\/span><\/span><\/div> <\/div> <\/div> <div class=\"gem-infotext\"> <div class=\"gem-infotext__title\"> <div class=\"title-customize title-default\" style=\"text-align:center;\"> Bed 160x200 or twin <\/div> <\/div> <\/div> <\/div> <\/div>[\/vc_column_inner][vc_column_inner width=&#8221;1\/6&#8243;]<style>.thegem-custom-69fb43882d76a4326 .gem-icon  {font-size: 48px;}.thegem-custom-69fb43882d76a4326 .gem-icon:not(.gem-simple-icon) .gem-icon-inner {width: 72px; height: 72px; line-height: 72px;}.thegem-custom-69fb43882d76a4326 .gem-icon.gem-simple-icon {width: 48px; height: 48px; line-height: 48px;}.gem-infotext.thegem-custom-69fb43882d76a4326 .gem-infotext-icon {margin-top:-2px !important;}.gem-infotext.thegem-custom-69fb43882d76a4326 .gem-infotext-icon {margin-right:8px !important;}.gem-infotext.thegem-custom-69fb43882d76a4326 .title-customize {color:#0a0a0a !important;}.gem-infotext.thegem-custom-69fb43882d76a4326 .title-customize {font-size:14px !important;}.gem-infotext.thegem-custom-69fb43882d76a4326 .title-customize {letter-spacing:px !important;}.gem-infotext.thegem-custom-69fb43882d76a4326 .title-customize {text-transform:none !important;}<\/style><div class=\"gem-infotext alignment-center thegem-custom-69fb43882d76a4326\"> <div class=\"gem-infotext-wrap position--top horizonal--center \"> <div class=\"gem-infotext-icon\"> <div class=\"gem-icon gem-simple-icon gem-icon-use-image gem-icon-size-custom\"> <div class=\"gem-icon-inner\"><span class=\"gem-icon-half-1\"><span class=\"back-angle\"><img class=\"img-responsive\" src=\"https:\/\/www.hbcorsica.com\/wp-content\/uploads\/2023\/03\/ecran.png\" alt=\"\"><\/span><\/span><span class=\"gem-icon-half-2\"><span class=\"back-angle\"><img class=\"img-responsive\" src=\"https:\/\/www.hbcorsica.com\/wp-content\/uploads\/2023\/03\/ecran.png\" alt=\"\"><\/span><\/span><\/div> <\/div> <\/div> <div class=\"gem-infotext\"> <div class=\"gem-infotext__title\"> <div class=\"title-customize title-default\" style=\"text-align:center;\"> HD Screen <\/div> <\/div> <\/div> <\/div> <\/div>[\/vc_column_inner][vc_column_inner width=&#8221;1\/6&#8243;]<style>.thegem-custom-69fb43882db1e4531 .gem-icon  {font-size: 48px;}.thegem-custom-69fb43882db1e4531 .gem-icon:not(.gem-simple-icon) .gem-icon-inner {width: 72px; height: 72px; line-height: 72px;}.thegem-custom-69fb43882db1e4531 .gem-icon.gem-simple-icon {width: 48px; height: 48px; line-height: 48px;}.gem-infotext.thegem-custom-69fb43882db1e4531 .gem-infotext-icon {margin-top:-2px !important;}.gem-infotext.thegem-custom-69fb43882db1e4531 .gem-infotext-icon {margin-right:8px !important;}.gem-infotext.thegem-custom-69fb43882db1e4531 .title-customize {color:#0a0a0a !important;}.gem-infotext.thegem-custom-69fb43882db1e4531 .title-customize {font-size:14px !important;}.gem-infotext.thegem-custom-69fb43882db1e4531 .title-customize {letter-spacing:px !important;}.gem-infotext.thegem-custom-69fb43882db1e4531 .title-customize {text-transform:none !important;}<\/style><div class=\"gem-infotext alignment-center thegem-custom-69fb43882db1e4531\"> <div class=\"gem-infotext-wrap position--top horizonal--center \"> <div class=\"gem-infotext-icon\"> <div class=\"gem-icon gem-simple-icon gem-icon-use-image gem-icon-size-custom\"> <div class=\"gem-icon-inner\"><span class=\"gem-icon-half-1\"><span class=\"back-angle\"><img class=\"img-responsive\" src=\"https:\/\/www.hbcorsica.com\/wp-content\/uploads\/2023\/03\/jacuzzi.png\" alt=\"\"><\/span><\/span><span class=\"gem-icon-half-2\"><span class=\"back-angle\"><img class=\"img-responsive\" src=\"https:\/\/www.hbcorsica.com\/wp-content\/uploads\/2023\/03\/jacuzzi.png\" alt=\"\"><\/span><\/span><\/div> <\/div> <\/div> <div class=\"gem-infotext\"> <div class=\"gem-infotext__title\"> <div class=\"title-customize title-default\" style=\"text-align:center;\"> Jacuzzi according to suite <\/div> <\/div> <\/div> <\/div> <\/div>[\/vc_column_inner][\/vc_row_inner][vc_empty_space]<\/div><\/div><\/div>[\/vc_column][\/vc_row][vc_row][vc_column]<div id=\"fullwidth-block-69fb43882def1\" class=\"fullwidth-block clearfix\"  style=\"\"><script type=\"text\/javascript\">if (typeof(gem_fix_fullwidth_position) == \"function\") { gem_fix_fullwidth_position(document.getElementById(\"fullwidth-block-69fb43882def1\")); }<\/script><div class=\"fullwidth-block-inner\"><div class=\"container\">[vc_empty_space]<style>.thegem-custom-69fb43882e03d9712 .gem-icon  {font-size: 36px;}.thegem-custom-69fb43882e03d9712 .gem-icon:not(.gem-simple-icon) .gem-icon-inner {width: 54px; height: 54px; line-height: 54px;}.thegem-custom-69fb43882e03d9712 .gem-icon.gem-simple-icon {width: 36px; height: 36px; line-height: 36px;}.gem-infotext.thegem-custom-69fb43882e03d9712 .gem-infotext-icon {margin-top:-2px !important;}.gem-infotext.thegem-custom-69fb43882e03d9712 .gem-infotext-icon {margin-right:0px !important;}.gem-infotext.thegem-custom-69fb43882e03d9712 .title-customize {color:#101220 !important;}.gem-infotext.thegem-custom-69fb43882e03d9712 .title-customize {font-size:36px !important;}.gem-infotext.thegem-custom-69fb43882e03d9712 .title-customize {letter-spacing:px !important;}.gem-infotext.thegem-custom-69fb43882e03d9712 .title-customize {text-transform:none !important;}<\/style><div class=\"gem-infotext alignment-center thegem-custom-69fb43882e03d9712\"> <div class=\"gem-infotext-wrap position--top horizonal--center \"> <div class=\"gem-infotext-icon\"> <div class=\"gem-icon gem-simple-icon gem-icon-use-image gem-icon-size-custom\"> <div class=\"gem-icon-inner\"><span class=\"gem-icon-half-1\"><span class=\"back-angle\"><img class=\"img-responsive\" src=\"https:\/\/www.hbcorsica.com\/wp-content\/uploads\/2023\/03\/icon_header.png\" alt=\"\"><\/span><\/span><span class=\"gem-icon-half-2\"><span class=\"back-angle\"><img class=\"img-responsive\" src=\"https:\/\/www.hbcorsica.com\/wp-content\/uploads\/2023\/03\/icon_header.png\" alt=\"\"><\/span><\/span><\/div> <\/div> <\/div> <div class=\"gem-infotext\"> <div class=\"gem-infotext__title\"> <div class=\"title-customize title-h2\" style=\"text-align:center;\"> Additional services <\/div> <\/div> <\/div> <\/div> <\/div>[vc_empty_space height=&#8221;24px&#8221;][vc_column_text]<\/p>\n<h5 style=\"text-align: center;\"><span style=\"color: #bd9e56;\">Prices are in Euros per room and per night<\/span><\/h5>\n<p>[\/vc_column_text][vc_column_text]<\/p>\n<p class=\"garamond\" style=\"text-align: center; font-size: 20px;\"><strong>Additional sofa bed: Only in suite &#8211; 1 adult or two teenagers &#8211; 40 euros \/ night<\/strong><\/p>\n<p>[\/vc_column_text]<div class=\"clearboth\"><\/div><div id=\"thegem-divider-69fb43882e3d4\" class=\"gem-divider  center\" style=\"border-width: 1px;width: 10%;border-color: #bd9e56;\" ><\/div>[vc_empty_space height=&#8221;12px&#8221;][vc_column_text]<\/p>\n<p class=\"garamond\" style=\"text-align: center; font-size: 20px;\"><strong>Cot: Child under 2 years old &#8211; 25 euros \/ night<\/strong><\/p>\n<p>[\/vc_column_text]<div class=\"clearboth\"><\/div><div id=\"thegem-divider-69fb43882e42d\" class=\"gem-divider  center\" style=\"border-width: 1px;width: 10%;border-color: #bd9e56;\" ><\/div>[vc_empty_space height=&#8221;12px&#8221;][vc_column_text]<\/p>\n<p class=\"garamond\" style=\"text-align: center; font-size: 20px;\"><strong>Breakfast: 30 euros \/ Person or 15 euros \/ child under 12 years old<\/strong><\/p>\n<p>[\/vc_column_text]<div class=\"clearboth\"><\/div><div id=\"thegem-divider-69fb43882e479\" class=\"gem-divider  center\" style=\"border-width: 1px;width: 10%;border-color: #bd9e56;\" ><\/div>[vc_empty_space height=&#8221;12px&#8221;][vc_column_text]<\/p>\n<p class=\"garamond\" style=\"text-align: center; font-size: 20px;\"><strong>Half board menu: 75 euros \/ person or 35 euros \/ child under 12<\/strong><\/p>\n<p>[\/vc_column_text][vc_column_text]<\/p>\n<p class=\"garamond\" style=\"text-align: center; font-size: 20px;\">1 starter, 1 main course, 1 dessert served at the Gastronomique &#8220;Le Belv\u00e9d\u00e8re&#8221; or at the Br\u00f4cherie &#8220;Mari e Tarra&#8221; at the pace of your desires<\/p>\n<p>[\/vc_column_text][vc_empty_space]<\/div><\/div><\/div>[\/vc_column][\/vc_row]<\/p>\n<\/div>","protected":false},"excerpt":{"rendered":"<p>[vc_row css=&#8221;.vc_custom_1678975602124{margin-bottom: 0px !important;}&#8221;][vc_column][\/vc_column][\/vc_row][vc_row][vc_column][\/vc_column][\/vc_row][vc_row][vc_column][\/vc_column][\/vc_row]<\/p>\n","protected":false},"author":1,"featured_media":0,"parent":0,"menu_order":0,"comment_status":"closed","ping_status":"closed","template":"","meta":{"om_disable_all_campaigns":false,"_monsterinsights_skip_tracking":false,"_monsterinsights_sitenote_active":false,"_monsterinsights_sitenote_note":"","_monsterinsights_sitenote_category":0,"footnotes":""},"class_list":["post-25351","page","type-page","status-publish"],"aioseo_notices":[],"_links":{"self":[{"href":"https:\/\/www.hbcorsica.com\/en\/wp-json\/wp\/v2\/pages\/25351","targetHints":{"allow":["GET"]}}],"collection":[{"href":"https:\/\/www.hbcorsica.com\/en\/wp-json\/wp\/v2\/pages"}],"about":[{"href":"https:\/\/www.hbcorsica.com\/en\/wp-json\/wp\/v2\/types\/page"}],"author":[{"embeddable":true,"href":"https:\/\/www.hbcorsica.com\/en\/wp-json\/wp\/v2\/users\/1"}],"replies":[{"embeddable":true,"href":"https:\/\/www.hbcorsica.com\/en\/wp-json\/wp\/v2\/comments?post=25351"}],"version-history":[{"count":18,"href":"https:\/\/www.hbcorsica.com\/en\/wp-json\/wp\/v2\/pages\/25351\/revisions"}],"predecessor-version":[{"id":25876,"href":"https:\/\/www.hbcorsica.com\/en\/wp-json\/wp\/v2\/pages\/25351\/revisions\/25876"}],"wp:attachment":[{"href":"https:\/\/www.hbcorsica.com\/en\/wp-json\/wp\/v2\/media?parent=25351"}],"curies":[{"name":"wp","href":"https:\/\/api.w.org\/{rel}","templated":true}]}}